{"id":1633,"date":"2017-06-02T09:10:28","date_gmt":"2017-06-02T07:10:28","guid":{"rendered":"https:\/\/www.ampak.nl\/brochure\/"},"modified":"2025-11-27T10:56:53","modified_gmt":"2025-11-27T09:56:53","slug":"broschure","status":"publish","type":"page","link":"https:\/\/www.ampak.nl\/de\/broschure\/","title":{"rendered":"Brosch\u00fcre"},"content":{"rendered":"<p><div class=\"fusion-fullwidth fullwidth-box fusion-builder-row-1 nonhundred-percent-fullwidth non-hundred-percent-height-scrolling\" style=\"--awb-border-radius-top-left:0px;--awb-border-radius-top-right:0px;--awb-border-radius-bottom-right:0px;--awb-border-radius-bottom-left:0px;--awb-flex-wrap:wrap;\" ><div class=\"fusion-builder-row fusion-row\"><div class=\"fusion-layout-column fusion_builder_column fusion-builder-column-0 fusion_builder_column_1_1 1_1 fusion-one-full fusion-column-first fusion-column-last\" style=\"--awb-bg-size:cover;\"><div class=\"fusion-column-wrapper fusion-flex-column-wrapper-legacy\"><div class=\"fusion-text fusion-text-1\"><h1>Brosch\u00fcre<\/h1>\n<\/div><div class=\"fusion-text fusion-text-2\"><p>Unsere Ampak Brosch\u00fcre gibt einen \u00dcberblick \u00fcber unsere Produkte und Dienstleistungen. Diese Brosch\u00fcre wurde sorgf\u00e4ltig zusammengestellt, um Sie ausf\u00fchrlich \u00fcber unsere Ampak Aktivit\u00e4ten zu informieren. Zus\u00e4tzlich gibt es auch unsere Ampak Katalog, wo Sie einige unserer Opferanoden finden.<\/p>\n<p>Wenn Sie \u00c4nderungen oder Ma\u00dfanfertigungen w\u00fcnschen, nehmen Sie dann bitte Kontakt mit uns auf.<\/p>\n<\/div><div class=\"fusion-clearfix\"><\/div><\/div><\/div><\/div><\/div><div class=\"fusion-fullwidth fullwidth-box fusion-builder-row-2 nonhundred-percent-fullwidth non-hundred-percent-height-scrolling\" style=\"--awb-border-radius-top-left:0px;--awb-border-radius-top-right:0px;--awb-border-radius-bottom-right:0px;--awb-border-radius-bottom-left:0px;--awb-flex-wrap:wrap;\" ><div class=\"fusion-builder-row fusion-row\"><div class=\"fusion-layout-column fusion_builder_column fusion-builder-column-1 fusion_builder_column_1_2 1_2 fusion-one-half fusion-column-first\" style=\"--awb-bg-size:cover;width:50%;width:calc(50% - ( ( 4% ) * 0.5 ) );margin-right: 4%;\"><div class=\"fusion-column-wrapper fusion-flex-column-wrapper-legacy\"><div class=\"fusion-text fusion-text-3\"><h3 style=\"text-align: center; margin: 5% 0% 2.75% 0%;\">Ampak Brosch\u00fcre<\/h3>\n<\/div><div class=\"fusion-image-element fusion-image-align-center in-legacy-container\" style=\"text-align:center;--awb-caption-title-font-family:var(--h2_typography-font-family);--awb-caption-title-font-weight:var(--h2_typography-font-weight);--awb-caption-title-font-style:var(--h2_typography-font-style);--awb-caption-title-size:var(--h2_typography-font-size);--awb-caption-title-transform:var(--h2_typography-text-transform);--awb-caption-title-line-height:var(--h2_typography-line-height);--awb-caption-title-letter-spacing:var(--h2_typography-letter-spacing);\"><div class=\"imageframe-align-center\"><span class=\" fusion-imageframe imageframe-none imageframe-1 hover-type-zoomin\"><a class=\"fusion-no-lightbox\" href=\"https:\/\/www.ampak.nl\/download\/1872\/\" target=\"_blank\" aria-label=\"Brochure Ampak\" rel=\"noopener noreferrer\"><img decoding=\"async\" width=\"2474\" height=\"3508\" alt=\"Maak kennis met Ampak\u00ae\" src=\"https:\/\/www.ampak.nl\/wp-content\/uploads\/2017\/06\/Brochure-Ampak.jpg\" class=\"img-responsive wp-image-1883\" srcset=\"https:\/\/www.ampak.nl\/wp-content\/uploads\/2017\/06\/Brochure-Ampak-200x284.jpg 200w, https:\/\/www.ampak.nl\/wp-content\/uploads\/2017\/06\/Brochure-Ampak-400x567.jpg 400w, https:\/\/www.ampak.nl\/wp-content\/uploads\/2017\/06\/Brochure-Ampak-600x851.jpg 600w, https:\/\/www.ampak.nl\/wp-content\/uploads\/2017\/06\/Brochure-Ampak-800x1134.jpg 800w, https:\/\/www.ampak.nl\/wp-content\/uploads\/2017\/06\/Brochure-Ampak-1200x1702.jpg 1200w, https:\/\/www.ampak.nl\/wp-content\/uploads\/2017\/06\/Brochure-Ampak.jpg 2474w\" sizes=\"(max-width: 800px) 100vw, 600px\" \/><\/a><\/span><\/div><\/div><div class=\"fusion-text fusion-text-4\"><p style=\"text-align: center;\"><a href=\"https:\/\/www.ampak.nl\/download\/1872\/\" target=\"_blank\" rel=\"noopener\">Download Ampak Brosch\u00fcre<\/a><\/p>\n<\/div><div class=\"fusion-clearfix\"><\/div><\/div><\/div><div class=\"fusion-layout-column fusion_builder_column fusion-builder-column-2 fusion_builder_column_1_2 1_2 fusion-one-half fusion-column-last\" style=\"--awb-bg-size:cover;width:50%;width:calc(50% - ( ( 4% ) * 0.5 ) );\"><div class=\"fusion-column-wrapper fusion-flex-column-wrapper-legacy\"><div class=\"fusion-text fusion-text-5\"><h3 style=\"text-align: center; margin: 5% 0% 2.75% 0%;\">Ampak Katalog<\/h3>\n<\/div><div class=\"fusion-image-element fusion-image-align-center in-legacy-container\" style=\"text-align:center;--awb-caption-title-font-family:var(--h2_typography-font-family);--awb-caption-title-font-weight:var(--h2_typography-font-weight);--awb-caption-title-font-style:var(--h2_typography-font-style);--awb-caption-title-size:var(--h2_typography-font-size);--awb-caption-title-transform:var(--h2_typography-text-transform);--awb-caption-title-line-height:var(--h2_typography-line-height);--awb-caption-title-letter-spacing:var(--h2_typography-letter-spacing);\"><div class=\"imageframe-align-center\"><span class=\" fusion-imageframe imageframe-none imageframe-2 hover-type-zoomin\"><a class=\"fusion-no-lightbox\" href=\"https:\/\/www.ampak.nl\/download\/1875\/\" target=\"_blank\" aria-label=\"Catalogus Ampak\" rel=\"noopener noreferrer\"><img decoding=\"async\" width=\"1748\" height=\"2480\" alt=\"Ampak\u00ae Kathodische bescherming catalogus\" src=\"https:\/\/www.ampak.nl\/wp-content\/uploads\/2017\/06\/Catalogus-Ampak.jpg\" class=\"img-responsive wp-image-1882\" srcset=\"https:\/\/www.ampak.nl\/wp-content\/uploads\/2017\/06\/Catalogus-Ampak-200x284.jpg 200w, https:\/\/www.ampak.nl\/wp-content\/uploads\/2017\/06\/Catalogus-Ampak-400x568.jpg 400w, https:\/\/www.ampak.nl\/wp-content\/uploads\/2017\/06\/Catalogus-Ampak-600x851.jpg 600w, https:\/\/www.ampak.nl\/wp-content\/uploads\/2017\/06\/Catalogus-Ampak-800x1135.jpg 800w, https:\/\/www.ampak.nl\/wp-content\/uploads\/2017\/06\/Catalogus-Ampak-1200x1703.jpg 1200w, https:\/\/www.ampak.nl\/wp-content\/uploads\/2017\/06\/Catalogus-Ampak.jpg 1748w\" sizes=\"(max-width: 800px) 100vw, 600px\" \/><\/a><\/span><\/div><\/div><div class=\"fusion-text fusion-text-6\"><p style=\"text-align: center;\"><a href=\"https:\/\/www.ampak.nl\/wp-content\/uploads\/2023\/11\/Catalogus-Ampak.pdf\" target=\"_blank\" rel=\"noopener\">Download Ampak Katalog<\/a><\/p>\n<\/div><div class=\"fusion-clearfix\"><\/div><\/div><\/div><\/div><\/div><\/p>\n","protected":false},"excerpt":{"rendered":"","protected":false},"author":1,"featured_media":0,"parent":0,"menu_order":0,"comment_status":"closed","ping_status":"closed","template":"","meta":{"_monsterinsights_skip_tracking":false,"_monsterinsights_sitenote_active":false,"_monsterinsights_sitenote_note":"","_monsterinsights_sitenote_category":0,"footnotes":""},"class_list":["post-1633","page","type-page","status-publish","hentry"],"yoast_head":"<!-- This site is optimized with the Yoast SEO plugin v26.4 - https:\/\/yoast.com\/wordpress\/plugins\/seo\/ -->\n<title>Brosch\u00fcre - Ampak<\/title>\n<meta name=\"description\" content=\"Unsere Ampak Brosch\u00fcre gibt einen \u00dcberblick \u00fcber unsere Produkte und Dienstleistungen. In unsere Ampak Katalog, finden Sie einige unserer Opferanoden.\" \/>\n<meta name=\"robots\" content=\"index, follow, max-snippet:-1, max-image-preview:large, max-video-preview:-1\" \/>\n<link rel=\"canonical\" href=\"https:\/\/www.ampak.nl\/de\/broschure\/\" \/>\n<meta property=\"og:locale\" content=\"de_DE\" \/>\n<meta property=\"og:type\" content=\"article\" \/>\n<meta property=\"og:title\" content=\"Brosch\u00fcre - Ampak\" \/>\n<meta property=\"og:description\" content=\"Unsere Ampak Brosch\u00fcre gibt einen \u00dcberblick \u00fcber unsere Produkte und Dienstleistungen. In unsere Ampak Katalog, finden Sie einige unserer Opferanoden.\" \/>\n<meta property=\"og:url\" content=\"https:\/\/www.ampak.nl\/de\/broschure\/\" \/>\n<meta property=\"og:site_name\" content=\"Ampak\" \/>\n<meta property=\"article:modified_time\" content=\"2025-11-27T09:56:53+00:00\" \/>\n<meta name=\"twitter:card\" content=\"summary_large_image\" \/>\n<meta name=\"twitter:label1\" content=\"Gesch\u00e4tzte Lesezeit\" \/>\n\t<meta name=\"twitter:data1\" content=\"1\u00a0Minute\" \/>\n<script type=\"application\/ld+json\" class=\"yoast-schema-graph\">{\"@context\":\"https:\/\/schema.org\",\"@graph\":[{\"@type\":\"WebPage\",\"@id\":\"https:\/\/www.ampak.nl\/de\/broschure\/\",\"url\":\"https:\/\/www.ampak.nl\/de\/broschure\/\",\"name\":\"Brosch\u00fcre - Ampak\",\"isPartOf\":{\"@id\":\"https:\/\/www.ampak.nl\/#website\"},\"datePublished\":\"2017-06-02T07:10:28+00:00\",\"dateModified\":\"2025-11-27T09:56:53+00:00\",\"description\":\"Unsere Ampak Brosch\u00fcre gibt einen \u00dcberblick \u00fcber unsere Produkte und Dienstleistungen. In unsere Ampak Katalog, finden Sie einige unserer Opferanoden.\",\"breadcrumb\":{\"@id\":\"https:\/\/www.ampak.nl\/de\/broschure\/#breadcrumb\"},\"inLanguage\":\"de\",\"potentialAction\":[{\"@type\":\"ReadAction\",\"target\":[\"https:\/\/www.ampak.nl\/de\/broschure\/\"]}]},{\"@type\":\"BreadcrumbList\",\"@id\":\"https:\/\/www.ampak.nl\/de\/broschure\/#breadcrumb\",\"itemListElement\":[{\"@type\":\"ListItem\",\"position\":1,\"name\":\"Home\",\"item\":\"https:\/\/www.ampak.nl\/de\/\"},{\"@type\":\"ListItem\",\"position\":2,\"name\":\"Brosch\u00fcre\"}]},{\"@type\":\"WebSite\",\"@id\":\"https:\/\/www.ampak.nl\/#website\",\"url\":\"https:\/\/www.ampak.nl\/\",\"name\":\"Ampak\",\"description\":\"Cathodic Protection and Marine Solutions\",\"publisher\":{\"@id\":\"https:\/\/www.ampak.nl\/#organization\"},\"potentialAction\":[{\"@type\":\"SearchAction\",\"target\":{\"@type\":\"EntryPoint\",\"urlTemplate\":\"https:\/\/www.ampak.nl\/?s={search_term_string}\"},\"query-input\":{\"@type\":\"PropertyValueSpecification\",\"valueRequired\":true,\"valueName\":\"search_term_string\"}}],\"inLanguage\":\"de\"},{\"@type\":\"Organization\",\"@id\":\"https:\/\/www.ampak.nl\/#organization\",\"name\":\"Ampak\u00ae\",\"url\":\"https:\/\/www.ampak.nl\/\",\"logo\":{\"@type\":\"ImageObject\",\"inLanguage\":\"de\",\"@id\":\"https:\/\/www.ampak.nl\/#\/schema\/logo\/image\/\",\"url\":\"https:\/\/www.ampak.nl\/wp-content\/uploads\/2016\/11\/Ampak-logo.png\",\"contentUrl\":\"https:\/\/www.ampak.nl\/wp-content\/uploads\/2016\/11\/Ampak-logo.png\",\"width\":250,\"height\":63,\"caption\":\"Ampak\u00ae\"},\"image\":{\"@id\":\"https:\/\/www.ampak.nl\/#\/schema\/logo\/image\/\"},\"sameAs\":[\"https:\/\/www.linkedin.com\/company\/ampak-bv\"]}]}<\/script>\n<!-- \/ Yoast SEO plugin. -->","yoast_head_json":{"title":"Brosch\u00fcre - Ampak","description":"Unsere Ampak Brosch\u00fcre gibt einen \u00dcberblick \u00fcber unsere Produkte und Dienstleistungen. In unsere Ampak Katalog, finden Sie einige unserer Opferanoden.","robots":{"index":"index","follow":"follow","max-snippet":"max-snippet:-1","max-image-preview":"max-image-preview:large","max-video-preview":"max-video-preview:-1"},"canonical":"https:\/\/www.ampak.nl\/de\/broschure\/","og_locale":"de_DE","og_type":"article","og_title":"Brosch\u00fcre - Ampak","og_description":"Unsere Ampak Brosch\u00fcre gibt einen \u00dcberblick \u00fcber unsere Produkte und Dienstleistungen. In unsere Ampak Katalog, finden Sie einige unserer Opferanoden.","og_url":"https:\/\/www.ampak.nl\/de\/broschure\/","og_site_name":"Ampak","article_modified_time":"2025-11-27T09:56:53+00:00","twitter_card":"summary_large_image","twitter_misc":{"Gesch\u00e4tzte Lesezeit":"1\u00a0Minute"},"schema":{"@context":"https:\/\/schema.org","@graph":[{"@type":"WebPage","@id":"https:\/\/www.ampak.nl\/de\/broschure\/","url":"https:\/\/www.ampak.nl\/de\/broschure\/","name":"Brosch\u00fcre - Ampak","isPartOf":{"@id":"https:\/\/www.ampak.nl\/#website"},"datePublished":"2017-06-02T07:10:28+00:00","dateModified":"2025-11-27T09:56:53+00:00","description":"Unsere Ampak Brosch\u00fcre gibt einen \u00dcberblick \u00fcber unsere Produkte und Dienstleistungen. In unsere Ampak Katalog, finden Sie einige unserer Opferanoden.","breadcrumb":{"@id":"https:\/\/www.ampak.nl\/de\/broschure\/#breadcrumb"},"inLanguage":"de","potentialAction":[{"@type":"ReadAction","target":["https:\/\/www.ampak.nl\/de\/broschure\/"]}]},{"@type":"BreadcrumbList","@id":"https:\/\/www.ampak.nl\/de\/broschure\/#breadcrumb","itemListElement":[{"@type":"ListItem","position":1,"name":"Home","item":"https:\/\/www.ampak.nl\/de\/"},{"@type":"ListItem","position":2,"name":"Brosch\u00fcre"}]},{"@type":"WebSite","@id":"https:\/\/www.ampak.nl\/#website","url":"https:\/\/www.ampak.nl\/","name":"Ampak","description":"Cathodic Protection and Marine Solutions","publisher":{"@id":"https:\/\/www.ampak.nl\/#organization"},"potentialAction":[{"@type":"SearchAction","target":{"@type":"EntryPoint","urlTemplate":"https:\/\/www.ampak.nl\/?s={search_term_string}"},"query-input":{"@type":"PropertyValueSpecification","valueRequired":true,"valueName":"search_term_string"}}],"inLanguage":"de"},{"@type":"Organization","@id":"https:\/\/www.ampak.nl\/#organization","name":"Ampak\u00ae","url":"https:\/\/www.ampak.nl\/","logo":{"@type":"ImageObject","inLanguage":"de","@id":"https:\/\/www.ampak.nl\/#\/schema\/logo\/image\/","url":"https:\/\/www.ampak.nl\/wp-content\/uploads\/2016\/11\/Ampak-logo.png","contentUrl":"https:\/\/www.ampak.nl\/wp-content\/uploads\/2016\/11\/Ampak-logo.png","width":250,"height":63,"caption":"Ampak\u00ae"},"image":{"@id":"https:\/\/www.ampak.nl\/#\/schema\/logo\/image\/"},"sameAs":["https:\/\/www.linkedin.com\/company\/ampak-bv"]}]}},"_links":{"self":[{"href":"https:\/\/www.ampak.nl\/de\/wp-json\/wp\/v2\/pages\/1633","targetHints":{"allow":["GET"]}}],"collection":[{"href":"https:\/\/www.ampak.nl\/de\/wp-json\/wp\/v2\/pages"}],"about":[{"href":"https:\/\/www.ampak.nl\/de\/wp-json\/wp\/v2\/types\/page"}],"author":[{"embeddable":true,"href":"https:\/\/www.ampak.nl\/de\/wp-json\/wp\/v2\/users\/1"}],"replies":[{"embeddable":true,"href":"https:\/\/www.ampak.nl\/de\/wp-json\/wp\/v2\/comments?post=1633"}],"version-history":[{"count":2,"href":"https:\/\/www.ampak.nl\/de\/wp-json\/wp\/v2\/pages\/1633\/revisions"}],"predecessor-version":[{"id":7481,"href":"https:\/\/www.ampak.nl\/de\/wp-json\/wp\/v2\/pages\/1633\/revisions\/7481"}],"wp:attachment":[{"href":"https:\/\/www.ampak.nl\/de\/wp-json\/wp\/v2\/media?parent=1633"}],"curies":[{"name":"wp","href":"https:\/\/api.w.org\/{rel}","templated":true}]}}